{"id":764,"date":"2017-01-10T12:01:06","date_gmt":"2017-01-10T12:01:06","guid":{"rendered":"http:\/\/paccv.com\/?page_id=764\/"},"modified":"2017-05-19T14:11:15","modified_gmt":"2017-05-19T14:11:15","slug":"home","status":"publish","type":"page","link":"https:\/\/paccv.com\/en\/","title":{"rendered":"Home"},"content":{"rendered":"<div class=\"fusion-fullwidth fullwidth-box fusion-builder-row-1 hundred-percent-fullwidth non-hundred-percent-height-scrolling\" style=\"--awb-border-radius-top-left:0px;--awb-border-radius-top-right:0px;--awb-border-radius-bottom-right:0px;--awb-border-radius-bottom-left:0px;--awb-overflow:visible;--awb-flex-wrap:wrap;\" ><div class=\"fusion-builder-row fusion-row\"><div class=\"fusion-layout-column fusion_builder_column fusion-builder-column-0 fusion_builder_column_1_1 1_1 fusion-one-full fusion-column-first fusion-column-last fusion-column-no-min-height\" style=\"--awb-bg-size:cover;--awb-margin-bottom:0px;\"><div class=\"fusion-column-wrapper fusion-flex-column-wrapper-legacy\"><div class=\"fusion-menu-anchor\" id=\"mais-info\"><\/div><div class=\"fusion-reading-box-container reading-box-container-1\" style=\"--awb-title-color:#333333;--awb-margin-top:0px;--awb-margin-bottom:30px;\"><div class=\"reading-box reading-box-center\" style=\"background-color:#f6f6f6;border-width:1px;border-color:#f6f6f6;border-top-width:3px;border-top-color:var(--primary_color);border-style:solid;\"><h2>WE ARE PART OF THE SOLUTION!<\/h2><div class=\"reading-box-description fusion-reading-box-additional\">This is the message we convey every time we are faced with a new challenge<br \/>\nThis is the force that moves and motivates us everyday to become a leading law firm.<br \/>\n<\/div><div class=\"fusion-clearfix\"><\/div><\/div><\/div><div class=\"fusion-content-boxes content-boxes columns row fusion-columns-5 fusion-columns-total-5 fusion-content-boxes-1 content-boxes-icon-on-top content-left\" style=\"--awb-hover-accent-color:#67b7e1;--awb-circle-hover-accent-color:#67b7e1;\" data-animationOffset=\"top-into-view\"><div style=\"--awb-backgroundcolor:rgba(255,255,255,0);\" class=\"fusion-column content-box-column content-box-column-1 col-lg-2 col-md-2 col-sm-2 fusion-content-box-hover content-box-column-first-in-row\"><div class=\"col content-box-wrapper content-wrapper link-area-link-icon link-type-text icon-hover-animation-fade\" data-animationOffset=\"top-into-view\"><div class=\"heading heading-with-icon icon-left\"><a class=\"heading-link\" href=\"\/en\/apresentacao\/\" target=\"_self\"><div class=\"icon\"><i style=\"border-color:#333333;border-width:1px;background-color:#333333;box-sizing:content-box;height:64px;width:64px;line-height:64px;border-radius:50%;font-size:32px;\" aria-hidden=\"true\" class=\"fontawesome-icon fa fa-map-signs circle-yes\"><\/i><\/div><h2 class=\"content-box-heading\" style=\"--h2_typography-font-size:28px;line-height:33px;\">Our history and our future<\/h2><\/a><\/div><div class=\"fusion-clearfix\"><\/div><div class=\"content-container\">The PACC.V project was born in September 2010 to bring together, under one single entity, a diversified set of professional experiences and backgrounds in a variety of areas of the Law.<\/div><\/div><\/div><div style=\"--awb-backgroundcolor:rgba(255,255,255,0);\" class=\"fusion-column content-box-column content-box-column-2 col-lg-2 col-md-2 col-sm-2 fusion-content-box-hover \"><div class=\"col content-box-wrapper content-wrapper link-area-link-icon link-type-text icon-hover-animation-fade\" data-animationOffset=\"top-into-view\"><div class=\"heading heading-with-icon icon-left\"><a class=\"heading-link\" href=\"\/en\/areas-de-pratica\/\" target=\"_self\"><div class=\"icon\"><i style=\"border-color:#333333;border-width:1px;background-color:#333333;box-sizing:content-box;height:64px;width:64px;line-height:64px;border-radius:50%;font-size:32px;\" aria-hidden=\"true\" class=\"fontawesome-icon fa fa-balance-scale circle-yes\"><\/i><\/div><h2 class=\"content-box-heading\" style=\"--h2_typography-font-size:28px;line-height:33px;\">Pratice areas<\/h2><\/a><\/div><div class=\"fusion-clearfix\"><\/div><div class=\"content-container\">We are a multidisciplinary team. Meet here our practice areas.<\/div><\/div><\/div><div style=\"--awb-backgroundcolor:rgba(255,255,255,0);\" class=\"fusion-column content-box-column content-box-column-3 col-lg-2 col-md-2 col-sm-2 fusion-content-box-hover \"><div class=\"col content-box-wrapper content-wrapper link-area-link-icon link-type-text icon-hover-animation-fade\" data-animationOffset=\"top-into-view\"><div class=\"heading heading-with-icon icon-left\"><a class=\"heading-link\" href=\"\/en\/equipa\/\" target=\"_self\"><div class=\"icon\"><i style=\"border-color:#333333;border-width:1px;background-color:#333333;box-sizing:content-box;height:64px;width:64px;line-height:64px;border-radius:50%;font-size:32px;\" aria-hidden=\"true\" class=\"fontawesome-icon fa fa-users circle-yes\"><\/i><\/div><h2 class=\"content-box-heading\" style=\"--h2_typography-font-size:28px;line-height:33px;\">Our people<\/h2><\/a><\/div><div class=\"fusion-clearfix\"><\/div><div class=\"content-container\">Our strength is anchored in the solid friendship that joints its founders and in the great will to build something better and different.<\/div><\/div><\/div><div style=\"--awb-backgroundcolor:rgba(255,255,255,0);\" class=\"fusion-column content-box-column content-box-column-4 col-lg-2 col-md-2 col-sm-2 fusion-content-box-hover \"><div class=\"col content-box-wrapper content-wrapper link-area-link-icon link-type-text icon-hover-animation-fade\" data-animationOffset=\"top-into-view\"><div class=\"heading heading-with-icon icon-left\"><a class=\"heading-link\" href=\"\/en\/destaques\/\" target=\"_self\"><div class=\"icon\"><i style=\"border-color:#333333;border-width:1px;background-color:#333333;box-sizing:content-box;height:64px;width:64px;line-height:64px;border-radius:50%;font-size:32px;\" aria-hidden=\"true\" class=\"fontawesome-icon fa fa-newspaper-o circle-yes\"><\/i><\/div><h2 class=\"content-box-heading\" style=\"--h2_typography-font-size:28px;line-height:33px;\">News<\/h2><\/a><\/div><div class=\"fusion-clearfix\"><\/div><div class=\"content-container\">Be updated with our latest news and publications and subscribe our newsletter.<\/div><\/div><\/div><div style=\"--awb-backgroundcolor:rgba(255,255,255,0);\" class=\"fusion-column content-box-column content-box-column-5 col-lg-2 col-md-2 col-sm-2 fusion-content-box-hover content-box-column-last content-box-column-last-in-row\"><div class=\"col content-box-wrapper content-wrapper link-area-link-icon link-type-text icon-hover-animation-fade\" data-animationOffset=\"top-into-view\"><div class=\"heading heading-with-icon icon-left\"><a class=\"heading-link\" href=\"\/en\/contactos\/\" target=\"_self\"><div class=\"icon\"><i style=\"border-color:#333333;border-width:1px;background-color:#333333;box-sizing:content-box;height:64px;width:64px;line-height:64px;border-radius:50%;font-size:32px;\" aria-hidden=\"true\" class=\"fontawesome-icon fa fa-map-marker circle-yes\"><\/i><\/div><h2 class=\"content-box-heading\" style=\"--h2_typography-font-size:28px;line-height:33px;\">Contacts<\/h2><\/a><\/div><div class=\"fusion-clearfix\"><\/div><div class=\"content-container\">With offices at Rua Braamcamp, we are located in Lisbon\u2019s prime area, a few minutes from Marqu\u00eas de Pombal and Avenida da Liberdade.<\/div><\/div><\/div><div class=\"fusion-clearfix\"><\/div><\/div><div class=\"fusion-sep-clear\"><\/div><div class=\"fusion-separator fusion-full-width-sep\" style=\"margin-left: auto;margin-right: auto;width:100%;\"><\/div><div class=\"fusion-sep-clear\"><\/div><div class=\"fusion-clearfix\"><\/div><\/div><\/div><div class=\"fusion-layout-column fusion_builder_column fusion-builder-column-1 fusion_builder_column_1_2 1_2 fusion-one-half fusion-column-first\" style=\"--awb-bg-size:cover;width:48%; margin-right: 4%;\"><div class=\"fusion-column-wrapper fusion-flex-column-wrapper-legacy\"><div class=\"fusion-title title fusion-title-1 fusion-title-text fusion-title-size-one\" style=\"--awb-margin-top-small:10px;--awb-margin-right-small:0px;--awb-margin-bottom-small:10px;--awb-margin-left-small:0px;\"><h1 class=\"fusion-title-heading title-heading-left\" style=\"margin:0;\">Latest news<\/h1><span class=\"awb-title-spacer\"><\/span><div class=\"title-sep-container\"><div class=\"title-sep sep-double sep-solid\" style=\"border-color:#e0dede;\"><\/div><\/div><\/div><div class=\"fusion-post-slider fusion-flexslider fusion-flexslider-loading flexslider-posts\"><ul class=\"slides\"><li><a href=\"https:\/\/paccv.com\/en\/retribuicao-minima-mensal-garantida-2025\/\" aria-label=\"PACC.V NEWS &#8211; RETRIBUI\u00c7\u00c3O M\u00cdNIMA MENSAL GARANTIDA 2025\"><img decoding=\"async\" width=\"1022\" height=\"766\" class=\"wp-image-631\" src=\"https:\/\/paccv.com\/wp-content\/uploads\/Paccv_00007.mos_.jpg\" alt=\"\" srcset=\"https:\/\/paccv.com\/wp-content\/uploads\/Paccv_00007.mos_-200x150.jpg 200w, https:\/\/paccv.com\/wp-content\/uploads\/Paccv_00007.mos_-400x300.jpg 400w, https:\/\/paccv.com\/wp-content\/uploads\/Paccv_00007.mos_-600x450.jpg 600w, https:\/\/paccv.com\/wp-content\/uploads\/Paccv_00007.mos_-800x600.jpg 800w, https:\/\/paccv.com\/wp-content\/uploads\/Paccv_00007.mos_.jpg 1022w\" sizes=\"(max-width: 800px) 100vw, 600px\" \/><\/a><div class=\"slide-excerpt\"><h2><a href=\"https:\/\/paccv.com\/en\/retribuicao-minima-mensal-garantida-2025\/\">PACC.V NEWS &#8211; RETRIBUI\u00c7\u00c3O M\u00cdNIMA MENSAL GARANTIDA 2025<\/a><\/h2><\/div><\/li><li><a href=\"https:\/\/paccv.com\/fundo-de-compensacao-do-trabalho-e-fundo-de-garantia-e-compensacao-do-trabalho\/\" aria-label=\"PACC.V NEWS &#8211; Fundo de Compensa\u00e7\u00e3o do Trabalho e Fundo de Garantia e Compensa\u00e7\u00e3o do Trabalho\"><img decoding=\"async\" width=\"1022\" height=\"766\" class=\"wp-image-630\" src=\"https:\/\/paccv.com\/wp-content\/uploads\/Paccv_00017.mos_-1.jpg\" alt=\"\" srcset=\"https:\/\/paccv.com\/wp-content\/uploads\/Paccv_00017.mos_-1-200x150.jpg 200w, https:\/\/paccv.com\/wp-content\/uploads\/Paccv_00017.mos_-1-400x300.jpg 400w, https:\/\/paccv.com\/wp-content\/uploads\/Paccv_00017.mos_-1-600x450.jpg 600w, https:\/\/paccv.com\/wp-content\/uploads\/Paccv_00017.mos_-1-800x600.jpg 800w, https:\/\/paccv.com\/wp-content\/uploads\/Paccv_00017.mos_-1.jpg 1022w\" sizes=\"(max-width: 800px) 100vw, 600px\" \/><\/a><div class=\"slide-excerpt\"><h2><a href=\"https:\/\/paccv.com\/fundo-de-compensacao-do-trabalho-e-fundo-de-garantia-e-compensacao-do-trabalho\/\">PACC.V NEWS &#8211; Fundo de Compensa\u00e7\u00e3o do Trabalho e Fundo de Garantia e Compensa\u00e7\u00e3o do Trabalho<\/a><\/h2><\/div><\/li><li><a href=\"https:\/\/paccv.com\/retribuicao-mensal-garantida\/\" aria-label=\"PACC.V NEWS &#8211; Retribui\u00e7\u00e3o Mensal Garantida\"><img decoding=\"async\" width=\"5760\" height=\"3840\" class=\"wp-image-964\" src=\"https:\/\/paccv.com\/wp-content\/uploads\/PACCV_2_03.jpg\" alt=\"\" srcset=\"https:\/\/paccv.com\/wp-content\/uploads\/PACCV_2_03-200x133.jpg 200w, https:\/\/paccv.com\/wp-content\/uploads\/PACCV_2_03-400x267.jpg 400w, https:\/\/paccv.com\/wp-content\/uploads\/PACCV_2_03-600x400.jpg 600w, https:\/\/paccv.com\/wp-content\/uploads\/PACCV_2_03-800x533.jpg 800w, https:\/\/paccv.com\/wp-content\/uploads\/PACCV_2_03-1200x800.jpg 1200w, https:\/\/paccv.com\/wp-content\/uploads\/PACCV_2_03.jpg 5760w\" sizes=\"(max-width: 800px) 100vw, 600px\" \/><\/a><div class=\"slide-excerpt\"><h2><a href=\"https:\/\/paccv.com\/retribuicao-mensal-garantida\/\">PACC.V NEWS &#8211; Retribui\u00e7\u00e3o Mensal Garantida<\/a><\/h2><\/div><\/li><li><a href=\"https:\/\/paccv.com\/fiscalizacoes-da-act-regularizacao-dos-vinculos-laborais\/\" aria-label=\"PACC.V NEWS &#8211; Fiscaliza\u00e7\u00f5es da ACT: Regulariza\u00e7\u00e3o dos V\u00ednculos Laborais\"><img decoding=\"async\" width=\"1022\" height=\"766\" class=\"wp-image-304\" src=\"https:\/\/paccv.com\/wp-content\/uploads\/Paccv_00019.mos_.jpg\" alt=\"\" srcset=\"https:\/\/paccv.com\/wp-content\/uploads\/Paccv_00019.mos_-300x225.jpg 300w, https:\/\/paccv.com\/wp-content\/uploads\/Paccv_00019.mos_.jpg 1022w\" sizes=\"(max-width: 1022px) 100vw, 1022px\" \/><\/a><div class=\"slide-excerpt\"><h2><a href=\"https:\/\/paccv.com\/fiscalizacoes-da-act-regularizacao-dos-vinculos-laborais\/\">PACC.V NEWS &#8211; Fiscaliza\u00e7\u00f5es da ACT: Regulariza\u00e7\u00e3o dos V\u00ednculos Laborais<\/a><\/h2><\/div><\/li><\/ul><\/div><div class=\"fusion-clearfix\"><\/div><\/div><\/div><div class=\"fusion-layout-column fusion_builder_column fusion-builder-column-2 fusion_builder_column_1_2 1_2 fusion-one-half fusion-column-last\" style=\"--awb-bg-size:cover;width:48%;\"><div class=\"fusion-column-wrapper fusion-flex-column-wrapper-legacy\"><div class=\"fusion-title title fusion-title-2 fusion-title-text fusion-title-size-one\" style=\"--awb-margin-top-small:10px;--awb-margin-right-small:0px;--awb-margin-bottom-small:10px;--awb-margin-left-small:0px;\"><h1 class=\"fusion-title-heading title-heading-left\" style=\"margin:0;\">Subscribe newsletter<\/h1><span class=\"awb-title-spacer\"><\/span><div class=\"title-sep-container\"><div class=\"title-sep sep-double sep-solid\" style=\"border-color:#e0dede;\"><\/div><\/div><\/div><div class=\"fusion-text fusion-text-1\"><p>[yikes-mailchimp form=&#8221;2&#8243;]<\/p>\n<\/div><div class=\"fusion-clearfix\"><\/div><\/div><\/div><\/div><\/div>\n","protected":false},"excerpt":{"rendered":"","protected":false},"author":2,"featured_media":0,"parent":0,"menu_order":0,"comment_status":"closed","ping_status":"closed","template":"","meta":{"footnotes":""},"class_list":["post-764","page","type-page","status-publish","hentry"],"_links":{"self":[{"href":"https:\/\/paccv.com\/en\/wp-json\/wp\/v2\/pages\/764","targetHints":{"allow":["GET"]}}],"collection":[{"href":"https:\/\/paccv.com\/en\/wp-json\/wp\/v2\/pages"}],"about":[{"href":"https:\/\/paccv.com\/en\/wp-json\/wp\/v2\/types\/page"}],"author":[{"embeddable":true,"href":"https:\/\/paccv.com\/en\/wp-json\/wp\/v2\/users\/2"}],"replies":[{"embeddable":true,"href":"https:\/\/paccv.com\/en\/wp-json\/wp\/v2\/comments?post=764"}],"version-history":[{"count":11,"href":"https:\/\/paccv.com\/en\/wp-json\/wp\/v2\/pages\/764\/revisions"}],"predecessor-version":[{"id":1358,"href":"https:\/\/paccv.com\/en\/wp-json\/wp\/v2\/pages\/764\/revisions\/1358"}],"wp:attachment":[{"href":"https:\/\/paccv.com\/en\/wp-json\/wp\/v2\/media?parent=764"}],"curies":[{"name":"wp","href":"https:\/\/api.w.org\/{rel}","templated":true}]}}