{"id":773,"date":"2017-01-10T12:21:18","date_gmt":"2017-01-10T12:21:18","guid":{"rendered":"http:\/\/paccv.com\/?page_id=773\/"},"modified":"2019-01-31T15:31:25","modified_gmt":"2019-01-31T15:31:25","slug":"news","status":"publish","type":"page","link":"https:\/\/paccv.com\/en\/news\/","title":{"rendered":"News"},"content":{"rendered":"<div class=\"fusion-fullwidth fullwidth-box fusion-builder-row-1 hundred-percent-fullwidth non-hundred-percent-height-scrolling\" style=\"--awb-border-radius-top-left:0px;--awb-border-radius-top-right:0px;--awb-border-radius-bottom-right:0px;--awb-border-radius-bottom-left:0px;--awb-overflow:visible;--awb-flex-wrap:wrap;\" ><div class=\"fusion-builder-row fusion-row\"><div class=\"fusion-layout-column fusion_builder_column fusion-builder-column-0 fusion_builder_column_1_1 1_1 fusion-one-full fusion-column-first fusion-column-last fusion-column-no-min-height\" style=\"--awb-bg-size:cover;--awb-margin-bottom:0px;\"><div class=\"fusion-column-wrapper fusion-flex-column-wrapper-legacy\"><div class=\"fusion-title title fusion-title-1 fusion-title-text fusion-title-size-one\" style=\"--awb-margin-top-small:10px;--awb-margin-right-small:0px;--awb-margin-bottom-small:10px;--awb-margin-left-small:0px;\"><h1 class=\"fusion-title-heading title-heading-left\" style=\"margin:0;\">News<\/h1><span class=\"awb-title-spacer\"><\/span><div class=\"title-sep-container\"><div class=\"title-sep sep-double sep-solid\" style=\"border-color:#e0dede;\"><\/div><\/div><\/div><div class=\"fusion-clearfix\"><\/div><\/div><\/div><div class=\"fusion-layout-column fusion_builder_column fusion-builder-column-1 fusion_builder_column_1_1 1_1 fusion-one-full fusion-column-first fusion-column-last fusion-column-no-min-height\" style=\"--awb-bg-size:cover;--awb-margin-bottom:0px;\"><div class=\"fusion-column-wrapper fusion-flex-column-wrapper-legacy\"><div class=\"fusion-blog-shortcode fusion-blog-shortcode-1 fusion-blog-archive fusion-blog-layout-medium-alternate fusion-blog-pagination\"><div class=\"fusion-posts-container fusion-posts-container-pagination fusion-no-meta-info\" data-pages=\"5\"><article id=\"blog-1-post-2583\" class=\"fusion-post-medium-alternate post-2583 post type-post status-publish format-standard has-post-thumbnail hentry category-newsletter\">\n<div class=\"fusion-date-and-formats\"><div class=\"fusion-date-box updated\"><span class=\"fusion-date\">23<\/span><span class=\"fusion-month-year\">12, 2024<\/span><\/div><div class=\"fusion-format-box\"><i class=\"awb-icon-pen\" aria-hidden=\"true\"><\/i><\/div><\/div>\t<style type=\"text\/css\">\n\t\t\n\t\t\n\t\t\n\t\t\n\t\t\t<\/style>\n\n\n\t\t\t<div class=\"fusion-flexslider flexslider fusion-flexslider-loading fusion-post-slideshow\" style=\"\">\n\t\t<ul class=\"slides\">\n\t\t\t\n\t\t\t\t\t\t\t\t\t\t\t\t\t\t<li><div  class=\"fusion-image-wrapper fusion-image-size-fixed\" aria-haspopup=\"true\">\n\t\t\t\t\t\t\t<a href=\"https:\/\/paccv.com\/en\/retribuicao-minima-mensal-garantida-2025\/\" aria-label=\"PACC.V NEWS &#8211; RETRIBUI\u00c7\u00c3O M\u00cdNIMA MENSAL GARANTIDA 2025\">\n\t\t\t\t\t\t\t<img decoding=\"async\" width=\"320\" height=\"202\" src=\"https:\/\/paccv.com\/wp-content\/uploads\/Paccv_00007.mos_-320x202.jpg\" class=\"attachment-blog-medium size-blog-medium wp-post-image\" alt=\"\" srcset=\"https:\/\/paccv.com\/wp-content\/uploads\/Paccv_00007.mos_-320x202.jpg 320w, https:\/\/paccv.com\/wp-content\/uploads\/Paccv_00007.mos_-700x441.jpg 700w\" sizes=\"(max-width: 320px) 100vw, 320px\" \/>\t\t\t<\/a>\n\t\t\t\t\t\t\t<\/div>\n<\/li>\n\t\t\t\n\t\t\t\n\t\t\t\t\t\t\t\t\t\t\t\t\t\t\t\t\t\t\t\t\t\t\t\t\t\t\t\t\t\t\t\t\t\t\t\t\t\t\t\t\t\t\t\t\t\t\t\t\t\t\t\t\t\t\t\t\t\t\t\t\t\t\t\t\t\t\t\t<\/ul>\n\t<\/div>\n\t<div class=\"fusion-post-content post-content\"><h2 class=\"blog-shortcode-post-title entry-title\"><a href=\"https:\/\/paccv.com\/en\/retribuicao-minima-mensal-garantida-2025\/\">PACC.V NEWS &#8211; RETRIBUI\u00c7\u00c3O M\u00cdNIMA MENSAL GARANTIDA 2025<\/a><\/h2><div class=\"fusion-post-content-container\"><p> J\u00e1 se encontra dispon\u00edvel a PACC.V NEWS - N\u00ba 2 de 2024, dedicada ao tema da \"RETRIBUI\u00c7\u00c3O M\u00cdNIMA MENSAL GARANTIDA 2025\"  Poder\u00e1 descarregar o seu exemplar aqui.    <\/p><\/div><\/div><div class=\"fusion-clearfix\"><\/div><\/article>\n<article id=\"blog-1-post-2472\" class=\"fusion-post-medium-alternate post-2472 post type-post status-publish format-standard has-post-thumbnail hentry category-newsletter\">\n<div class=\"fusion-date-and-formats\"><div class=\"fusion-date-box updated\"><span class=\"fusion-date\">9<\/span><span class=\"fusion-month-year\">01, 2024<\/span><\/div><div class=\"fusion-format-box\"><i class=\"awb-icon-pen\" aria-hidden=\"true\"><\/i><\/div><\/div>\t<style type=\"text\/css\">\n\t\t\n\t\t\n\t\t\n\t\t\n\t\t\t<\/style>\n\n\n\t\t\t<div class=\"fusion-flexslider flexslider fusion-flexslider-loading fusion-post-slideshow\" style=\"\">\n\t\t<ul class=\"slides\">\n\t\t\t\n\t\t\t\t\t\t\t\t\t\t\t\t\t\t<li><div  class=\"fusion-image-wrapper fusion-image-size-fixed\" aria-haspopup=\"true\">\n\t\t\t\t\t\t\t<a href=\"https:\/\/paccv.com\/fundo-de-compensacao-do-trabalho-e-fundo-de-garantia-e-compensacao-do-trabalho\/\" aria-label=\"PACC.V NEWS &#8211; Fundo de Compensa\u00e7\u00e3o do Trabalho e Fundo de Garantia e Compensa\u00e7\u00e3o do Trabalho\">\n\t\t\t\t\t\t\t<img decoding=\"async\" width=\"320\" height=\"202\" src=\"https:\/\/paccv.com\/wp-content\/uploads\/Paccv_00017.mos_-1-320x202.jpg\" class=\"attachment-blog-medium size-blog-medium wp-post-image\" alt=\"\" srcset=\"https:\/\/paccv.com\/wp-content\/uploads\/Paccv_00017.mos_-1-320x202.jpg 320w, https:\/\/paccv.com\/wp-content\/uploads\/Paccv_00017.mos_-1-700x441.jpg 700w\" sizes=\"(max-width: 320px) 100vw, 320px\" \/>\t\t\t<\/a>\n\t\t\t\t\t\t\t<\/div>\n<\/li>\n\t\t\t\n\t\t\t\n\t\t\t\t\t\t\t\t\t\t\t\t\t\t\t\t\t\t\t\t\t\t\t\t\t\t\t\t\t\t\t\t\t\t\t\t\t\t\t\t\t\t\t\t\t\t\t\t\t\t\t\t\t\t\t\t\t\t\t\t\t\t\t\t\t\t\t\t<\/ul>\n\t<\/div>\n\t<div class=\"fusion-post-content post-content\"><h2 class=\"blog-shortcode-post-title entry-title\"><a href=\"https:\/\/paccv.com\/fundo-de-compensacao-do-trabalho-e-fundo-de-garantia-e-compensacao-do-trabalho\/\">PACC.V NEWS &#8211; Fundo de Compensa\u00e7\u00e3o do Trabalho e Fundo de Garantia e Compensa\u00e7\u00e3o do Trabalho<\/a><\/h2><div class=\"fusion-post-content-container\"><p> J\u00e1 se encontra dispon\u00edvel a PACC.V NEWS - N\u00ba 1 de 2024, dedicada ao tema \"Fundo de Compensa\u00e7\u00e3o do Trabalho e Fundo de Garantia e Compensa\u00e7\u00e3o do Trabalho - Altera\u00e7\u00f5es dos Regimes Jur\u00eddicos\". <\/p><\/div><\/div><div class=\"fusion-clearfix\"><\/div><\/article>\n<article id=\"blog-1-post-2464\" class=\"fusion-post-medium-alternate post-2464 post type-post status-publish format-standard has-post-thumbnail hentry category-newsletter\">\n<div class=\"fusion-date-and-formats\"><div class=\"fusion-date-box updated\"><span class=\"fusion-date\">28<\/span><span class=\"fusion-month-year\">11, 2023<\/span><\/div><div class=\"fusion-format-box\"><i class=\"awb-icon-pen\" aria-hidden=\"true\"><\/i><\/div><\/div>\t<style type=\"text\/css\">\n\t\t\n\t\t\n\t\t\n\t\t\n\t\t\t<\/style>\n\n\n\t\t\t<div class=\"fusion-flexslider flexslider fusion-flexslider-loading fusion-post-slideshow\" style=\"\">\n\t\t<ul class=\"slides\">\n\t\t\t\n\t\t\t\t\t\t\t\t\t\t\t\t\t\t<li><div  class=\"fusion-image-wrapper fusion-image-size-fixed\" aria-haspopup=\"true\">\n\t\t\t\t\t\t\t<a href=\"https:\/\/paccv.com\/retribuicao-mensal-garantida\/\" aria-label=\"PACC.V NEWS &#8211; Retribui\u00e7\u00e3o Mensal Garantida\">\n\t\t\t\t\t\t\t<img decoding=\"async\" width=\"320\" height=\"202\" src=\"https:\/\/paccv.com\/wp-content\/uploads\/PACCV_2_03-320x202.jpg\" class=\"attachment-blog-medium size-blog-medium wp-post-image\" alt=\"\" srcset=\"https:\/\/paccv.com\/wp-content\/uploads\/PACCV_2_03-320x202.jpg 320w, https:\/\/paccv.com\/wp-content\/uploads\/PACCV_2_03-700x441.jpg 700w\" sizes=\"(max-width: 320px) 100vw, 320px\" \/>\t\t\t<\/a>\n\t\t\t\t\t\t\t<\/div>\n<\/li>\n\t\t\t\n\t\t\t\n\t\t\t\t\t\t\t\t\t\t\t\t\t\t\t\t\t\t\t\t\t\t\t\t\t\t\t\t\t\t\t\t\t\t\t\t\t\t\t\t\t\t\t\t\t\t\t\t\t\t\t\t\t\t\t\t\t\t\t\t\t\t\t\t\t\t\t\t<\/ul>\n\t<\/div>\n\t<div class=\"fusion-post-content post-content\"><h2 class=\"blog-shortcode-post-title entry-title\"><a href=\"https:\/\/paccv.com\/retribuicao-mensal-garantida\/\">PACC.V NEWS &#8211; Retribui\u00e7\u00e3o Mensal Garantida<\/a><\/h2><div class=\"fusion-post-content-container\"><p> J\u00e1 se encontra dispon\u00edvel a PACC.V NEWS - N\u00ba 4 de 2023, dedicada ao tema \"Retribui\u00e7\u00e3o Mensal Garantida, Decreto-Lei n.\u00ba 107\/2023, de 17 de novembro\".   Poder\u00e1 descarregar o seu exemplar aqui. <\/p><\/div><\/div><div class=\"fusion-clearfix\"><\/div><\/article>\n<article id=\"blog-1-post-2456\" class=\"fusion-post-medium-alternate post-2456 post type-post status-publish format-standard has-post-thumbnail hentry category-newsletter\">\n<div class=\"fusion-date-and-formats\"><div class=\"fusion-date-box updated\"><span class=\"fusion-date\">18<\/span><span class=\"fusion-month-year\">08, 2023<\/span><\/div><div class=\"fusion-format-box\"><i class=\"awb-icon-pen\" aria-hidden=\"true\"><\/i><\/div><\/div>\t<style type=\"text\/css\">\n\t\t\n\t\t\n\t\t\n\t\t\n\t\t\t<\/style>\n\n\n\t\t\t<div class=\"fusion-flexslider flexslider fusion-flexslider-loading fusion-post-slideshow\" style=\"\">\n\t\t<ul class=\"slides\">\n\t\t\t\n\t\t\t\t\t\t\t\t\t\t\t\t\t\t<li><div  class=\"fusion-image-wrapper fusion-image-size-fixed\" aria-haspopup=\"true\">\n\t\t\t\t\t\t\t<a href=\"https:\/\/paccv.com\/fiscalizacoes-da-act-regularizacao-dos-vinculos-laborais\/\" aria-label=\"PACC.V NEWS &#8211; Fiscaliza\u00e7\u00f5es da ACT: Regulariza\u00e7\u00e3o dos V\u00ednculos Laborais\">\n\t\t\t\t\t\t\t<img decoding=\"async\" width=\"320\" height=\"202\" src=\"https:\/\/paccv.com\/wp-content\/uploads\/Paccv_00019.mos_-320x202.jpg\" class=\"attachment-blog-medium size-blog-medium wp-post-image\" alt=\"\" srcset=\"https:\/\/paccv.com\/wp-content\/uploads\/Paccv_00019.mos_-320x202.jpg 320w, https:\/\/paccv.com\/wp-content\/uploads\/Paccv_00019.mos_-700x441.jpg 700w\" sizes=\"(max-width: 320px) 100vw, 320px\" \/>\t\t\t<\/a>\n\t\t\t\t\t\t\t<\/div>\n<\/li>\n\t\t\t\n\t\t\t\n\t\t\t\t\t\t\t\t\t\t\t\t\t\t\t\t\t\t\t\t\t\t\t\t\t\t\t\t\t\t\t\t\t\t\t\t\t\t\t\t\t\t\t\t\t\t\t\t\t\t\t\t\t\t\t\t\t\t\t\t\t\t\t\t\t\t\t\t<\/ul>\n\t<\/div>\n\t<div class=\"fusion-post-content post-content\"><h2 class=\"blog-shortcode-post-title entry-title\"><a href=\"https:\/\/paccv.com\/fiscalizacoes-da-act-regularizacao-dos-vinculos-laborais\/\">PACC.V NEWS &#8211; Fiscaliza\u00e7\u00f5es da ACT: Regulariza\u00e7\u00e3o dos V\u00ednculos Laborais<\/a><\/h2><div class=\"fusion-post-content-container\"><p> J\u00e1 se encontra dispon\u00edvel a PACC.V NEWS - N\u00ba 3 de 2023, dedicada ao tema \"Fiscaliza\u00e7\u00f5es da ACT: Regulariza\u00e7\u00e3o dos V\u00ednculos Laborais\".   Poder\u00e1 descarregar o seu exemplar aqui.    <\/p><\/div><\/div><div class=\"fusion-clearfix\"><\/div><\/article>\n<article id=\"blog-1-post-2436\" class=\"fusion-post-medium-alternate post-2436 post type-post status-publish format-standard has-post-thumbnail hentry category-newsletter\">\n<div class=\"fusion-date-and-formats\"><div class=\"fusion-date-box updated\"><span class=\"fusion-date\">27<\/span><span class=\"fusion-month-year\">12, 2022<\/span><\/div><div class=\"fusion-format-box\"><i class=\"awb-icon-pen\" aria-hidden=\"true\"><\/i><\/div><\/div>\t<style type=\"text\/css\">\n\t\t\n\t\t\n\t\t\n\t\t\n\t\t\t<\/style>\n\n\n\t\t\t<div class=\"fusion-flexslider flexslider fusion-flexslider-loading fusion-post-slideshow\" style=\"\">\n\t\t<ul class=\"slides\">\n\t\t\t\n\t\t\t\t\t\t\t\t\t\t\t\t\t\t<li><div  class=\"fusion-image-wrapper fusion-image-size-fixed\" aria-haspopup=\"true\">\n\t\t\t\t\t\t\t<a href=\"https:\/\/paccv.com\/actualizacao-rmmg-2023\/\" aria-label=\"PACC.V NEWS &#8211; Actualiza\u00e7\u00e3o RMMG 2023\">\n\t\t\t\t\t\t\t<img decoding=\"async\" width=\"320\" height=\"202\" src=\"https:\/\/paccv.com\/wp-content\/uploads\/Escritorio-320x202.jpg\" class=\"attachment-blog-medium size-blog-medium wp-post-image\" alt=\"\" srcset=\"https:\/\/paccv.com\/wp-content\/uploads\/Escritorio-320x202.jpg 320w, https:\/\/paccv.com\/wp-content\/uploads\/Escritorio-700x441.jpg 700w\" sizes=\"(max-width: 320px) 100vw, 320px\" \/>\t\t\t<\/a>\n\t\t\t\t\t\t\t<\/div>\n<\/li>\n\t\t\t\n\t\t\t\n\t\t\t\t\t\t\t\t\t\t\t\t\t\t\t\t\t\t\t\t\t\t\t\t\t\t\t\t\t\t\t\t\t\t\t\t\t\t\t\t\t\t\t\t\t\t\t\t\t\t\t\t\t\t\t\t\t\t\t\t\t\t\t\t\t\t\t\t<\/ul>\n\t<\/div>\n\t<div class=\"fusion-post-content post-content\"><h2 class=\"blog-shortcode-post-title entry-title\"><a href=\"https:\/\/paccv.com\/actualizacao-rmmg-2023\/\">PACC.V NEWS &#8211; Actualiza\u00e7\u00e3o RMMG 2023<\/a><\/h2><div class=\"fusion-post-content-container\"><p> J\u00e1 se encontra dispon\u00edvel a PACC.V NEWS - N\u00ba 2 de 2022, dedicada ao tema \"Actualiza\u00e7\u00e3o RMMG 2023\".   Poder\u00e1 descarregar o seu exemplar aqui.    <\/p><\/div><\/div><div class=\"fusion-clearfix\"><\/div><\/article>\n<\/div><div class=\"pagination clearfix\"><span class=\"current\">1<\/span><a href=\"https:\/\/paccv.com\/en\/wp-json\/wp\/v2\/pages\/773\/page\/2\/\" class=\"inactive\">2<\/a><a class=\"pagination-next\" rel=\"next\" href=\"https:\/\/paccv.com\/en\/wp-json\/wp\/v2\/pages\/773\/page\/2\/\"><span class=\"page-text\">Next<\/span><span class=\"page-next\"><\/span><\/a><\/div><div class=\"fusion-clearfix\"><\/div><\/div><div class=\"fusion-clearfix\"><\/div><\/div><\/div><\/div><\/div>\n","protected":false},"excerpt":{"rendered":"","protected":false},"author":2,"featured_media":0,"parent":0,"menu_order":0,"comment_status":"closed","ping_status":"closed","template":"","meta":{"footnotes":""},"class_list":["post-773","page","type-page","status-publish","hentry"],"_links":{"self":[{"href":"https:\/\/paccv.com\/en\/wp-json\/wp\/v2\/pages\/773","targetHints":{"allow":["GET"]}}],"collection":[{"href":"https:\/\/paccv.com\/en\/wp-json\/wp\/v2\/pages"}],"about":[{"href":"https:\/\/paccv.com\/en\/wp-json\/wp\/v2\/types\/page"}],"author":[{"embeddable":true,"href":"https:\/\/paccv.com\/en\/wp-json\/wp\/v2\/users\/2"}],"replies":[{"embeddable":true,"href":"https:\/\/paccv.com\/en\/wp-json\/wp\/v2\/comments?post=773"}],"version-history":[{"count":9,"href":"https:\/\/paccv.com\/en\/wp-json\/wp\/v2\/pages\/773\/revisions"}],"predecessor-version":[{"id":1628,"href":"https:\/\/paccv.com\/en\/wp-json\/wp\/v2\/pages\/773\/revisions\/1628"}],"wp:attachment":[{"href":"https:\/\/paccv.com\/en\/wp-json\/wp\/v2\/media?parent=773"}],"curies":[{"name":"wp","href":"https:\/\/api.w.org\/{rel}","templated":true}]}}